{"id":3,"date":"2025-10-23T17:20:00","date_gmt":"2025-10-23T17:20:00","guid":{"rendered":"https:\/\/alessandrobagalini.eu\/?page_id=3"},"modified":"2025-10-27T09:29:14","modified_gmt":"2025-10-27T09:29:14","slug":"privacy-policy","status":"publish","type":"page","link":"https:\/\/echoops.cloud\/es\/privacy-policy\/","title":{"rendered":"Pol\u00edtica de privacidad"},"content":{"rendered":"<p><strong>AVISO LEGAL IDENTIFICATIVO DEL RESPONSABLE DEL SITIO WEB<\/strong><\/p>\n\n\n\n<p>En virtud de la Ley Org\u00e1nica 15\/1999, de 13 de diciembre, de Protecci\u00f3n de Datos de Car\u00e1cter Personal, y de lo dispuesto en la Ley 34\/2002, de 11 de julio, de Servicios de la Sociedad de la Informaci\u00f3n y de Comercio Electr\u00f3nico, le informamos que los datos personales que pudieran constar en la presente comunicaci\u00f3n ser\u00e1n incorporados a un fichero bajo la responsabilidad de Alessandro Bagalini (en adelante Estudio Bagalini) con domicilio en (c\/ Lomo de Las Brujas, 4, 35220 Telde), con N. I.F.: Y1845690T. La finalidad de este sitio web es generar contenidos informativos a disposici\u00f3n de los usuarios con el fin de crear canales de informaci\u00f3n, opini\u00f3n y colaboraci\u00f3n. Tambi\u00e9n puede ponerse en contacto con nosotros enviando un correo electr\u00f3nico a admin@alessandrobagalini.eu, o llam\u00e1ndonos al +34633893233.<\/p>\n\n\n\n<p><strong>OBJETIVO<\/strong><\/p>\n\n\n\n<p>El presente AVISO LEGAL regula los derechos y obligaciones de Studio Alessandro Bagalini y de los usuarios en relaci\u00f3n con el acceso, navegaci\u00f3n y uso de este sitio web, entendi\u00e9ndose que Studio Alessandro Bagalini se reserva el derecho a modificar, sin previo aviso, sus contenidos, siendo los publicados en el momento de navegaci\u00f3n vigente. Por la navegaci\u00f3n, visualizaci\u00f3n y uso de esta p\u00e1gina web usted adquiere la condici\u00f3n de usuario, y por tanto implica la aceptaci\u00f3n expresa de todas las cl\u00e1usulas indicadas en este Aviso Legal, as\u00ed como el resto de advertencias o cl\u00e1usulas espec\u00edficas establecidas en los diferentes apartados para la contrataci\u00f3n, utilizaci\u00f3n de servicios, productos, registros, o secciones de la P\u00e1gina. Por ello, si no acepta las cl\u00e1usulas establecidas en el presente Aviso Legal, deber\u00e1 abstenerse de acceder y\/o utilizar los servicios y\/o contenidos puestos a su disposici\u00f3n en la P\u00e1gina, procediendo a abandonar la misma.<\/p>\n\n\n\n<p>Studio Alessandro Bagalini podr\u00e1 dar por terminado, suspender o interrumpir, en cualquier momento sin necesidad de preaviso, el acceso a los contenidos de la p\u00e1gina, sin posibilidad por parte del Usuario de exigir indemnizaci\u00f3n alguna.<\/p>\n\n\n\n<p><strong>WEB ACCESS<\/strong><\/p>\n\n\n\n<p>Como usuario de nuestra web, se obliga a no utilizarla para la realizaci\u00f3n de actividades contrarias a las leyes, a la moral, al orden p\u00fablico y, en general, a hacer un uso conforme a las condiciones establecidas en el presente Aviso Legal. Asimismo, se obliga a no realizar actividades publicitarias o de explotaci\u00f3n comercial remitiendo mensajes que utilicen una identidad falsa. Studio Alessandro Bagalini act\u00faa exclusivamente como prestador de un servicio de informaci\u00f3n y contenidos, tanto en sus propios servicios como en los servicios de terceros con los que haya estipulado acuerdos, y no se hace responsable de los contenidos que, en contravenci\u00f3n a estas condiciones, los usuarios puedan enviar o publicar, siendo el usuario el \u00fanico responsable de la veracidad y licitud de los mismos. Studio Alessandro Bagalini podr\u00e1 interrumpir el servicio de la P\u00e1gina que est\u00e9 siendo utilizado por el usuario y resolver de modo inmediato la relaci\u00f3n con el usuario si detecta un uso de la P\u00e1gina o de cualquiera de los servicios que en el mismo se ofertan que pueda considerarse contrario a lo expresado en el presente Aviso Legal. El contenido de los servicios ofrecidos y su uso est\u00e1n restringidos a usuarios mayores de 18 a\u00f1os. Studio Alessandro Bagalini recuerda a los usuarios mayores de 18 a\u00f1os que tengan a su cargo menores que ser\u00e1 de su exclusiva responsabilidad determinar qu\u00e9 servicios y\/o contenidos no son apropiados para su edad. En el caso de que se produzca el acceso y registro por parte de un menor de edad, se presumir\u00e1 que dicho acceso se ha realizado con la autorizaci\u00f3n previa y expresa de los padres, tutores o representantes legales, reserv\u00e1ndose Studio Alessandro Bagalini el derecho a realizar todas las comprobaciones y verificaciones que considere oportunas a este respecto.<\/p>\n\n\n\n<p>Studio Alessandro Bagalini le informa de que existen programas inform\u00e1ticos que permiten filtrar y bloquear el acceso a determinados contenidos y servicios, de tal forma que los padres o tutores, por ejemplo, pueden decidir cu\u00e1les son los contenidos y servicios de Internet a los que los menores pueden tener acceso y cu\u00e1les no. En ning\u00fan caso Studio Alessandro Bagalini responder\u00e1 de la veracidad de los datos facilitados por los usuarios, por lo que cada usuario ser\u00e1 el \u00fanico responsable de que la informaci\u00f3n facilitada a Studio Alessandro Bagalini sea adecuada, exacta, actualizada y veraz o, en caso contrario, de las posibles consecuencias que puedan derivarse de la falta de calidad y veracidad de los datos.<\/p>\n\n\n\n<p><strong>PROPIEDAD INTELECTUAL E INDUSTRIAL<\/strong><\/p>\n\n\n\n<p>La totalidad de esta p\u00e1gina: texto, im\u00e1genes, marcas, gr\u00e1ficos, logotipos, botones, archivos de software, combinaciones de colores, as\u00ed como la estructura, selecci\u00f3n, ordenaci\u00f3n y presentaci\u00f3n de sus contenidos, se encuentra protegida por las leyes sobre Propiedad Intelectual e Industrial, quedando prohibida su reproducci\u00f3n, distribuci\u00f3n, comunicaci\u00f3n p\u00fablica y transformaci\u00f3n, salvo para uso personal y privado. Studio Alessandro Bagalini no garantiza que los contenidos sean precisos o libres de error o que el libre uso de los mismos por el usuario no infrinja los derechos de terceras partes. El buen o mal uso de esta p\u00e1gina y de sus contenidos es responsabilidad del usuario. Asimismo, queda prohibida la reproducci\u00f3n, retransmisi\u00f3n, copia, cesi\u00f3n o redifusi\u00f3n, total o parcial, de la informaci\u00f3n contenida en la P\u00e1gina, cualquiera que fuera su finalidad y el medio utilizado para ello, sin autorizaci\u00f3n previa de Studio Alessandro Bagalini.<\/p>\n\n\n\n<p><strong>ENLACES<\/strong><\/p>\n\n\n\n<p>Como se ha mencionado anteriormente, nuestro sitio puede incluir enlaces a sitios de terceros, adem\u00e1s de enlaces a productos.<\/p>\n\n\n\n<p>Nos gustar\u00eda reiterar que las p\u00e1ginas pertenecientes a estos terceros no han sido revisadas ni est\u00e1n sujetas al control de Studio Alessandro Bagalini, por lo que Studio Alessandro Bagalini no se hace responsable de los contenidos de estos sitios web, ni de las medidas adoptadas en relaci\u00f3n con su privacidad o el tratamiento de sus datos personales u otros que puedan derivarse de los mismos. Studio Alessandro Bagalini le recomienda que lea atentamente las condiciones de uso, pol\u00edtica de privacidad, avisos legales y\/o similares de estos sitios. Si est\u00e1 interesado en activar un enlace a cualquiera de las p\u00e1ginas de Studio Alessandro Bagalini, deber\u00e1 notific\u00e1rnoslo y obtener nuestro consentimiento expl\u00edcito para crear el enlace. Studio Alessandro Bagalini se reserva el derecho de oponerse a la activaci\u00f3n de enlaces a su sitio web.<\/p>\n\n\n\n<p><strong>LIMITACI\u00d3N DE RESPONSABILIDAD<\/strong><\/p>\n\n\n\n<p>Studio Alessandro Bagalini no se hace responsable directa o indirectamente: La calidad del servicio, velocidad de acceso, correcto funcionamiento, disponibilidad y continuidad del Sitio. Los da\u00f1os que puedan causarse al equipo del usuario como consecuencia de la utilizaci\u00f3n del Sitio. Los casos en que un tercero, quebrantando las medidas de seguridad establecidas, acceda a los mensajes o los utilice para la remisi\u00f3n de virus inform\u00e1ticos. Los vicios y defectos de toda clase de los contenidos transmitidos, difundidos, almacenados o puestos a disposici\u00f3n. La licitud, fiabilidad y utilidad de los contenidos que los usuarios transmitan con la utilizaci\u00f3n de la p\u00e1gina o de los servicios en \u00e9l ofertados, as\u00ed como tampoco su veracidad o exactitud. Studio Alessandro Bagalini no controla la utilizaci\u00f3n que los usuarios hacen de la p\u00e1gina, ni garantiza que lo hagan conforme a lo establecido en el presente Aviso Legal.<\/p>\n\n\n\n<p>A t\u00edtulo enunciativo pero no limitativo, el usuario ser\u00e1 responsable de los contenidos por \u00e9l introducidos, en particular de los datos e informaciones introducidos y enviados a la Compa\u00f1\u00eda a trav\u00e9s de la P\u00e1gina o en la P\u00e1gina. La realizaci\u00f3n de cualquier tipo de actuaci\u00f3n sobre las p\u00e1ginas de terceros, o actuaciones il\u00edcitas, nocivas y\/o perjudiciales. El incumplimiento por parte del usuario de cualquiera de las anteriores obligaciones podr\u00e1 dar lugar a la adopci\u00f3n de las medidas oportunas amparadas en la ley y en el ejercicio de sus derechos u obligaciones por parte de Studio Alessandro Bagalini, que podr\u00e1n incluir la eliminaci\u00f3n o bloqueo de la cuenta del usuario infractor, sin posibilidad alguna de indemnizaci\u00f3n por los da\u00f1os y perjuicios causados.<\/p>\n\n\n\n<p><strong>POL\u00cdTICA DE PRIVACIDAD Y PROTECCI\u00d3N DE DATOS<\/strong><\/p>\n\n\n\n<p>En cumplimiento de lo establecido en la Ley Org\u00e1nica 15\/1999, de 13 de diciembre, de Protecci\u00f3n de Datos de Car\u00e1cter Personal, todos los datos personales facilitados durante el uso de nuestra p\u00e1gina ser\u00e1n tratados de conformidad con lo dispuesto en la Pol\u00edtica de Privacidad que cada usuario deber\u00e1 aceptar expresamente antes de facilitar sus datos personales a trav\u00e9s de los distintos formularios disponibles en las secciones de nuestra p\u00e1gina. Studio Alessandro Bagalini adopta las medidas de \u00edndole t\u00e9cnica y organizativas necesarias que garanticen la seguridad de los datos de car\u00e1cter personal contenidos para evitar su alteraci\u00f3n, p\u00e9rdida, tratamiento o acceso no autorizado, habida cuenta del estado de la tecnolog\u00eda, la naturaleza de los datos y los riesgos a que est\u00e1n expuestos, y gestiona su entorno de servidores de manera adecuada, disponiendo de una infraestructura firewall de estricto cumplimiento. Podr\u00e1 ejercitar sus derechos de acceso, rectificaci\u00f3n, oposici\u00f3n y cancelaci\u00f3n enviando un correo electr\u00f3nico a admin@alessandrobagalini.eu, indicando en el encabezamiento: PROTECCI\u00d3N DE DATOS. Usted ser\u00e1 el \u00fanico responsable de la veracidad de los datos facilitados a Studio Alessandro Bagalini.<\/p>","protected":false},"excerpt":{"rendered":"<p>AVISO LEGAL IDENTIFICATIVO DEL RESPONSABLE DEL SITIO WEB En virtud de la Ley Org\u00e1nica 15\/1999, de 13 de diciembre, de Protecci\u00f3n de Datos de Car\u00e1cter Personal, y de lo dispuesto en la Ley 34\/2002, de 11 de julio, de Servicios de la Sociedad de la Informaci\u00f3n y de Comercio Electr\u00f3nico, le informamos que los datos [&hellip;]<\/p>\n","protected":false},"author":1,"featured_media":0,"parent":0,"menu_order":0,"comment_status":"closed","ping_status":"open","template":"","meta":{"footnotes":""},"class_list":["post-3","page","type-page","status-publish","hentry"],"_links":{"self":[{"href":"https:\/\/echoops.cloud\/es\/wp-json\/wp\/v2\/pages\/3","targetHints":{"allow":["GET"]}}],"collection":[{"href":"https:\/\/echoops.cloud\/es\/wp-json\/wp\/v2\/pages"}],"about":[{"href":"https:\/\/echoops.cloud\/es\/wp-json\/wp\/v2\/types\/page"}],"author":[{"embeddable":true,"href":"https:\/\/echoops.cloud\/es\/wp-json\/wp\/v2\/users\/1"}],"replies":[{"embeddable":true,"href":"https:\/\/echoops.cloud\/es\/wp-json\/wp\/v2\/comments?post=3"}],"version-history":[{"count":2,"href":"https:\/\/echoops.cloud\/es\/wp-json\/wp\/v2\/pages\/3\/revisions"}],"predecessor-version":[{"id":60,"href":"https:\/\/echoops.cloud\/es\/wp-json\/wp\/v2\/pages\/3\/revisions\/60"}],"wp:attachment":[{"href":"https:\/\/echoops.cloud\/es\/wp-json\/wp\/v2\/media?parent=3"}],"curies":[{"name":"wp","href":"https:\/\/api.w.org\/{rel}","templated":true}]}}