{"id":55,"date":"2025-10-27T09:11:03","date_gmt":"2025-10-27T09:11:03","guid":{"rendered":"https:\/\/alessandrobagalini.eu\/?page_id=55"},"modified":"2025-10-27T09:21:40","modified_gmt":"2025-10-27T09:21:40","slug":"cookie-policy","status":"publish","type":"page","link":"https:\/\/echoops.cloud\/es\/cookie-policy\/","title":{"rendered":"Pol\u00edtica de cookies"},"content":{"rendered":"\n<p>Si quieres saber m\u00e1s sobre el uso de las cookies en este sitio web https:\/\/fotografiainterior.com est\u00e1s en el lugar correcto. M\u00e1s adelante, explicaremos exactamente qu\u00e9 son las cookies; qu\u00e9 tipo de cookies utilizamos y con qu\u00e9 prop\u00f3sito; y c\u00f3mo puede ejercer su derecho a configurar su navegador y no permitir el uso de ninguna de ellas.<\/p>\n\n\n\n<p>Sin embargo, debe saber que si decide no utilizar ciertas cookies, este sitio web puede no funcionar perfectamente, afectando su experiencia de usuario.<\/p>\n\n\n\n<p><strong>\u00bfQU\u00c9 ES UNA GALLETA?<\/strong><\/p>\n\n\n\n<p>Una cookie es un archivo que se descarga en su ordenador cuando accede a ciertos sitios web o blogs.<\/p>\n\n\n\n<p>Las cookies permiten que esa p\u00e1gina, entre otras cosas, almacene y recupere informaci\u00f3n sobre sus h\u00e1bitos de navegaci\u00f3n o su computadora, y dependiendo de la informaci\u00f3n que contengan y de c\u00f3mo utilice su computadora, pueden utilizarse para reconocerlo.<\/p>\n\n\n\n<p>Su navegador s\u00f3lo almacena cookies en su disco duro durante la sesi\u00f3n actual, ocupando un espacio m\u00ednimo de almacenamiento y sin da\u00f1ar su ordenador. Las cookies no contienen ninguna informaci\u00f3n personal espec\u00edfica y la mayor\u00eda de las cookies se eliminan de su disco duro al final de la sesi\u00f3n de navegaci\u00f3n (las llamadas cookies de sesi\u00f3n).<\/p>\n\n\n\n<p>La mayor\u00eda de los navegadores aceptan las cookies de forma est\u00e1ndar y, independientemente de la cookie, permiten o impiden las cookies temporales o las cookies almacenadas en las configuraciones de seguridad.<\/p>\n\n\n\n<p>Las cookies se asocian con su navegador, no con su persona, por lo que normalmente no almacenan informaci\u00f3n sensible sobre usted, como tarjetas de cr\u00e9dito o detalles bancarios, fotograf\u00edas o informaci\u00f3n personal, etc. Los datos almacenados son de tipo t\u00e9cnico, estad\u00edstico, preferencias personales, personalizaci\u00f3n de contenidos, etc.<\/p>\n\n\n\n<p><strong>ACEPTACI\u00d3N DE LAS COOKIES: LEGISLACI\u00d3N VIGENTE<\/strong><\/p>\n\n\n\n<p>Al acceder a este sitio web, y de acuerdo con la legislaci\u00f3n de protecci\u00f3n de datos aplicable, le informamos del uso de cookies, d\u00e1ndole la oportunidad de aceptarlas expresamente y de acceder a m\u00e1s informaci\u00f3n a trav\u00e9s de esta pol\u00edtica de cookies. Debe saber que si contin\u00faa navegando, consentir\u00e1 el uso de estas cookies.<\/p>\n\n\n\n<p>Pero en cualquier momento, puedes cambiar de opini\u00f3n y bloquear su uso a trav\u00e9s de tu navegador. Para su completa tranquilidad, este sitio web cumple con la normativa vigente en cuanto al uso de cookies y sus datos personales:<\/p>\n\n\n\n<p>El reglamento de la LSSI-CE <strong>(Ley de la Sociedad de la Informaci\u00f3n y del Comercio Electr\u00f3nico)&nbsp;<\/strong><\/p>\n\n\n\n<p>El <strong>RGPD (Reglamento (UE) 2016\/679 del Parlamento Europeo y del Consejo, de 27 de abril de 2016, relativo a la protecci\u00f3n de las personas)<\/strong>, que normaliza la reglamentaci\u00f3n del tratamiento de los datos personales en los pa\u00edses de la UE.<\/p>\n\n\n\n<p>Esta Pol\u00edtica de Cookies puede ser modificada en cualquier momento para adaptarla a nuevas normas o cambios en nuestras actividades, estando vigente en todo momento la publicada en el sitio web.<\/p>\n\n\n\n<p><strong>TIPOS DE GALLETAS<\/strong><\/p>\n\n\n\n<p>Con el fin de ofrecer una mejor experiencia al usuario, obtener datos anal\u00edticos, almacenar y recuperar informaci\u00f3n sobre sus h\u00e1bitos de navegaci\u00f3n o su ordenador y desarrollar su actividad, este sitio web https:\/\/alessanndrobagalini.eu utiliza cookies propias y de terceros.<\/p>\n\n\n\n<p>\u00bfQu\u00e9 tipos de cookies utiliza este sitio web?<\/p>\n\n\n\n<p><strong>Cookies t\u00e9cnicas:<\/strong> son aquellas que permiten al usuario navegar por una p\u00e1gina web, plataforma o aplicaci\u00f3n y utilizar las diferentes opciones o servicios que existen en ella, como por ejemplo, controlar el tr\u00e1fico y la comunicaci\u00f3n de datos, identificar la sesi\u00f3n, acceder a partes restringidas, recordar los elementos que componen un pedido, realizar el proceso de compra de un pedido, solicitar el registro o la participaci\u00f3n en un evento, utilizar elementos de seguridad durante la navegaci\u00f3n, almacenar contenidos para la difusi\u00f3n de contenidos de v\u00eddeo o audio o compartir contenidos a trav\u00e9s de redes sociales.<\/p>\n\n\n\n<p><strong>Cookies de personalizaci\u00f3n:<\/strong> son las que permiten al usuario acceder al servicio con ciertas caracter\u00edsticas generales predefinidas seg\u00fan una serie de criterios presentes en el terminal del usuario como, por ejemplo, el idioma, el tipo de navegador a trav\u00e9s del cual se accede al servicio, la configuraci\u00f3n regional desde la que se accede al servicio, etc.<\/p>\n\n\n\n<p><strong>Cookies de an\u00e1lisis:<\/strong> Son las que, procesadas por nosotros o por terceros, permiten cuantificar el n\u00famero de usuarios y por tanto realizar la medici\u00f3n y el an\u00e1lisis estad\u00edstico de su utilizaci\u00f3n por los usuarios del servicio ofrecido. Para ello, se analiza su navegaci\u00f3n en nuestra web para mejorar la gama de productos o servicios que le ofrecemos.<\/p>\n\n\n\n<p><strong>Cookies de publicidad:<\/strong> Las cookies son aquellas que, procesadas por nosotros o por terceros, nos permiten gestionar la oferta de espacios publicitarios en nuestro sitio web de la forma m\u00e1s eficiente posible, adaptando el contenido de la publicidad al contenido del servicio solicitado o al uso de nuestro sitio web. Para ello, podemos analizar sus h\u00e1bitos de navegaci\u00f3n en Internet y mostrarle la publicidad relativa a su perfil de navegaci\u00f3n.<\/p>\n\n\n\n<p><strong>Cookies de comportamiento publicitario:<\/strong> son las que permiten gestionar, de la forma m\u00e1s eficiente posible, los espacios publicitarios que, en su caso, el editor ha colocado en un sitio web, aplicaci\u00f3n o plataforma desde la que presta el servicio solicitado. Estas cookies almacenan informaci\u00f3n sobre el comportamiento de los usuarios obtenida mediante la observaci\u00f3n continua de sus h\u00e1bitos de navegaci\u00f3n, lo que permite desarrollar un perfil espec\u00edfico para mostrar publicidad basada en ella.<\/p>\n\n\n\n<p><strong>Cookies de terceros:<\/strong> Este sitio web https:\/\/fotografiainterior.com puede utilizar servicios de terceros que, en nombre de Google, recogen informaci\u00f3n con fines estad\u00edsticos, para el uso del sitio web por parte del usuario y para la prestaci\u00f3n de otros servicios relacionados con la actividad del sitio web y otros servicios de Internet.<\/p>\n\n\n\n<p>En particular, este sitio web utiliza Google Analytics, un servicio anal\u00edtico de web prestado por Google, Inc. con sede en Estados Unidos en 1600 Amphitheatre Parkway, Mountain View, California 94043. Para la prestaci\u00f3n de estos servicios, Google utiliza cookies que recogen informaci\u00f3n, incluida su direcci\u00f3n IP, que ser\u00e1 transmitida, procesada y almacenada por Google en la forma establecida en el sitio web Google.com. Esto incluye la posible transmisi\u00f3n de esta informaci\u00f3n a terceros por motivos legales o si dichos terceros procesan la informaci\u00f3n en nombre de Google.<\/p>\n\n\n\n<p><strong>GESTIONAR Y RECHAZAR EL USO DE COOKIES<\/strong><\/p>\n\n\n\n<p>En cualquier momento, puede ajustar la configuraci\u00f3n de su navegador para administrar, evitar el uso de cookies y recibir una notificaci\u00f3n antes de la descarga.<\/p>\n\n\n\n<p>Tambi\u00e9n puede ajustar su configuraci\u00f3n para que su navegador rechace todas las cookies o s\u00f3lo las de terceros. Tambi\u00e9n puedes borrar las cookies que ya est\u00e1n en tu ordenador.<\/p>\n\n\n\n<p>Para ello, debe tener en cuenta que deber\u00e1 ajustar la configuraci\u00f3n de cada navegador y el equipo que utiliza por separado, ya que, como dijimos antes, las cookies se asocian con el navegador y no con la persona.<\/p>\n\n\n\n<p><strong>Google Chrome<\/strong> https:\/\/support.google.com\/chrome\/answer\/95647?hl=it-419<\/p>\n\n\n\n<p><strong>Internet Explorer<\/strong> https:\/\/support.microsoft.com\/es-es\/help\/17442\/windows-internet-explorer-delete-manage-cookies#ie=ie-10<\/p>\n\n\n\n<p><strong>Mozilla Firefox<\/strong> https:\/\/support.mozilla.org\/es\/kb\/habilitar-y-deshabilitar-cookies-sitios-web-rastrear-preferencias?redirectlocale=en&amp;redirectslug=enable-and-disable-cookies-that-we-sites<\/p>\n\n\n\n<p><strong>Apple Safari<\/strong> https:\/\/support.apple.com\/es-es\/HT201265<\/p>\n\n\n\n<p>Si tiene alguna pregunta sobre esta pol\u00edtica de cookies, puede ponerse en contacto con nosotros enviando un correo electr\u00f3nico a contacto@fotografiainterior.com.<\/p>\n","protected":false},"excerpt":{"rendered":"<p>Si quieres saber m\u00e1s sobre el uso de las cookies en este sitio web https:\/\/fotografiainterior.com est\u00e1s en el lugar correcto. M\u00e1s adelante, explicaremos exactamente qu\u00e9 son las cookies; qu\u00e9 tipo de cookies utilizamos y con qu\u00e9 prop\u00f3sito; y c\u00f3mo puede ejercer su derecho a configurar su navegador y no permitir el uso de ninguna de [&hellip;]<\/p>\n","protected":false},"author":1,"featured_media":0,"parent":0,"menu_order":0,"comment_status":"closed","ping_status":"closed","template":"","meta":{"footnotes":""},"class_list":["post-55","page","type-page","status-publish","hentry"],"_links":{"self":[{"href":"https:\/\/echoops.cloud\/es\/wp-json\/wp\/v2\/pages\/55","targetHints":{"allow":["GET"]}}],"collection":[{"href":"https:\/\/echoops.cloud\/es\/wp-json\/wp\/v2\/pages"}],"about":[{"href":"https:\/\/echoops.cloud\/es\/wp-json\/wp\/v2\/types\/page"}],"author":[{"embeddable":true,"href":"https:\/\/echoops.cloud\/es\/wp-json\/wp\/v2\/users\/1"}],"replies":[{"embeddable":true,"href":"https:\/\/echoops.cloud\/es\/wp-json\/wp\/v2\/comments?post=55"}],"version-history":[{"count":2,"href":"https:\/\/echoops.cloud\/es\/wp-json\/wp\/v2\/pages\/55\/revisions"}],"predecessor-version":[{"id":57,"href":"https:\/\/echoops.cloud\/es\/wp-json\/wp\/v2\/pages\/55\/revisions\/57"}],"wp:attachment":[{"href":"https:\/\/echoops.cloud\/es\/wp-json\/wp\/v2\/media?parent=55"}],"curies":[{"name":"wp","href":"https:\/\/api.w.org\/{rel}","templated":true}]}}