{"id":3,"date":"2025-10-23T17:20:00","date_gmt":"2025-10-23T17:20:00","guid":{"rendered":"https:\/\/alessandrobagalini.eu\/?page_id=3"},"modified":"2025-10-27T09:29:14","modified_gmt":"2025-10-27T09:29:14","slug":"privacy-policy","status":"publish","type":"page","link":"https:\/\/echoops.cloud\/it\/privacy-policy\/","title":{"rendered":"Politica di privacy"},"content":{"rendered":"<p><strong>AVVISO LEGALE IDENTIFICATIVO DEL RESPONSABILE DEL SITO WEB<\/strong><\/p>\n\n\n\n<p>In virt\u00f9 della Ley Org\u00e1nica 15\/1999, de 13 de diciembre, de Protecci\u00f3n de Datos de Car\u00e1cter Personal, y de lo dispuesto en la Ley 34\/2002, de 11 de julio, de Servicios de la Sociedad de la Informaci\u00f3n y de Comercio Electr\u00f3nico, le informiamo che i dati personali che si possono conservare nella presente comunicazione sono incorporati in un fichero sotto la responsabilit\u00e0 di Alessandro Bagalini (en adelante Estudio Bagalini) con domicilio in (c\/ Lomo de Las Brujas, 4, 35220 Telde), con N. I.F.: Y1845690T. La finalit\u00e0 di questo sito web \u00e8 generare contenuti informativi a disposizione degli utenti con l'obiettivo di creare canali di informazione, opinione e collaborazione. \u00c8 inoltre possibile mettersi in contatto con noi inviando una lettera elettronica all'indirizzo admin@alessandrobagalini.eu o chiamando il numero +34633893233.<\/p>\n\n\n\n<p><strong>OBJETO<\/strong><\/p>\n\n\n\n<p>Il presente AVISO LEGALE regolamenta i diritti e gli obblighi dello Studio Alessandro Bagalini e degli utenti in relazione all'accesso, alla navigazione e all'uso di questo sito web, comprendendo che lo Studio Alessandro Bagalini si riserva il diritto di modificare, senza preavviso, i suoi contenuti, che sono quelli pubblicati nel momento della navigazione vigente. Per la navigazione, la visualizzazione e l'uso di questa pagina web l'utente accetta la condizione di utente e, di conseguenza, l'accettazione esplicita di tutte le clausole indicate in questa dichiarazione legale, cos\u00ec come il resto delle avvertenze o clausole specifiche stabilite nelle diverse sezioni della P\u00e1gina per la contrattazione, l'utilizzo di servizi, prodotti, registrazioni o sezioni. Per questo motivo, chi non accetta le clausole stabilite nella presente Nota Legale, dovr\u00e0 astenersi dall'accedere e\/o utilizzare i servizi e\/o i contenuti messi a sua disposizione nella Pagina, procedendo all'abbandono della stessa.<\/p>\n\n\n\n<p>Studio Alessandro Bagalini potr\u00e0 dare per terminato, sospendere o interrompere, in qualsiasi momento e senza necessit\u00e0 di preavviso, l'accesso ai contenuti della pagina, senza che l'Utente possa esigere alcun indennizzo.<\/p>\n\n\n\n<p><strong>ACCESSO AL WEB<\/strong><\/p>\n\n\n\n<p>Come utente del nostro sito web, \u00e8 obbligato a non utilizzarlo per la realizzazione di attivit\u00e0 contrarie alle leggi, alla morale, all'ordine pubblico e, in generale, a fare un uso conforme alle condizioni stabilite nella presente dichiarazione legale. Inoltre, si obbliga a non realizzare attivit\u00e0 pubblicitarie o di sfruttamento commerciale inviando messaggi che utilizzino un'identit\u00e0 falsa. Studio Alessandro Bagalini agisce esclusivamente come fornitore di un servizio di informazioni e contenuti, tanto nei propri servizi quanto nei servizi di terzi con i quali ha stipulato accordi, e non \u00e8 responsabile dei contenuti che, in contrasto con queste condizioni, gli utenti possono inviare o pubblicare, essendo l'utente l'unico responsabile della veridicit\u00e0 e della liceit\u00e0 dei contenuti stessi. Studio Alessandro Bagalini pu\u00f2 interrompere il servizio della Pagina che viene utilizzato dall'utente e risolvere in modo immediato il rapporto con l'utente se rileva un uso della Pagina o di qualsiasi altro servizio che in essa viene offerto che possa essere considerato contrario a quanto espresso nella presente Nota Legale. Il contenuto dei servizi offerti e il loro utilizzo sono riservati agli utenti di et\u00e0 superiore ai 18 anni. Studio Alessandro Bagalini ricorda agli utenti di et\u00e0 superiore ai 18 anni che si rivolgono a loro meno giovani che \u00e8 sua esclusiva responsabilit\u00e0 determinare quali servizi e\/o contenuti non siano adatti alla loro et\u00e0. Nel caso in cui si produca l'accesso e il registro da parte di un minore di et\u00e0, si presume che tale accesso sia stato effettuato con l'autorizzazione preventiva ed esplicita dei padri, tutori o rappresentanti legali, riservando allo Studio Alessandro Bagalini il diritto di effettuare tutte le verifiche e gli accertamenti ritenuti opportuni al riguardo.<\/p>\n\n\n\n<p>Lo Studio Alessandro Bagalini informa che esistono programmi informatici che permettono di filtrare e bloccare l'accesso a determinati contenuti e servizi, in modo tale che i padri o i tutori, ad esempio, possano decidere quali sono i contenuti e i servizi di Internet a cui i minori possono accedere e quali no. In nessun caso Studio Alessandro Bagalini risponde della veridicit\u00e0 dei dati forniti dagli utenti, per cui ogni utente \u00e8 l'unico responsabile del fatto che le informazioni fornite a Studio Alessandro Bagalini siano corrette, esatte, aggiornate e veritiere o, in caso contrario, delle possibili conseguenze che possono derivare dalla mancanza di qualit\u00e0 e veridicit\u00e0 dei dati.<\/p>\n\n\n\n<p><strong>PROPRIET\u00c0 INTELLETTUALE E INDUSTRIALE<\/strong><\/p>\n\n\n\n<p>La totalit\u00e0 di questa pagina: testo, immagini, marchi, grafici, logotipi, botoni, archivi di software, combinazioni di colori, cos\u00ec come la struttura, la selezione, l'ordinamento e la presentazione dei contenuti, sono protetti dalle leggi sulla propriet\u00e0 intellettuale e industriale, vietandone la riproduzione, la distribuzione, la comunicazione pubblica e la trasformazione, salvo per uso personale e privato. Studio Alessandro Bagalini non garantisce che i contenuti siano precisi o privi di errori o che il loro libero utilizzo da parte dell'utente non infranga i diritti di terzi. L'uso corretto o scorretto di questa pagina e dei suoi contenuti \u00e8 responsabilit\u00e0 dell'utente. Inoltre, \u00e8 vietata la riproduzione, la ritrasmissione, la copia, la cesificazione o la ridiffusione, totale o parziale, delle informazioni contenute nella pagina, qualunque sia la sua finalit\u00e0 e il mezzo utilizzato per farlo, senza l'autorizzazione preventiva dello Studio Alessandro Bagalini.<\/p>\n\n\n\n<p><strong>ENLACES<\/strong><\/p>\n\n\n\n<p>Come gi\u00e0 detto, il nostro sito pu\u00f2 includere link a siti di terzi, oltre a link a prodotti.<\/p>\n\n\n\n<p>Desideriamo ribadire che i siti web appartenenti a questi terzi non sono stati rivisti n\u00e9 sono soggetti al controllo di Studio Alessandro Bagalini, per cui Studio Alessandro Bagalini non \u00e8 responsabile dei contenuti di questi siti web, n\u00e9 delle misure adottate in relazione alla loro privacy o al trattamento dei loro dati personali o di altri dati che possono derivare da essi. Lo Studio Alessandro Bagalini raccomanda di leggere attentamente le condizioni d'uso, la politica di privacy, gli avvisi legali e\/o simili di questi siti. Se siete interessati ad attivare un link a qualsiasi pagina dello Studio Alessandro Bagalini, dovete notificarlo e ottenere il nostro consenso esplicito per la creazione del link. Studio Alessandro Bagalini si riserva il diritto di opporsi all'attivazione di link al proprio sito web.<\/p>\n\n\n\n<p><strong>LIMITAZIONE DI RESPONSABILIT\u00c0<\/strong><\/p>\n\n\n\n<p>Lo Studio Alessandro Bagalini non \u00e8 responsabile direttamente o indirettamente: La qualit\u00e0 del servizio, la velocit\u00e0 di accesso, il corretto funzionamento, la disponibilit\u00e0 e la continuit\u00e0 del Sito. I danni che possono essere causati all'attrezzatura dell'utente come conseguenza dell'utilizzo del Sito. I casi in cui un terzo, ignorando le misure di sicurezza stabilite, acceda ai messaggi o li utilizzi per la rimozione di virus informatici. I vizi e i difetti di ogni tipo dei contenuti trasmessi, diffusi, conservati o messi a disposizione. La liceit\u00e0, la fiabilit\u00e0 e l'utilit\u00e0 dei contenuti che gli utenti trasmettono con l'utilizzo della pagina o dei servizi offerti, nonch\u00e9 la loro veridicit\u00e0 o esattezza. Studio Alessandro Bagalini non controlla l'utilizzo che gli utenti fanno della pagina, n\u00e9 garantisce che lo facciano in conformit\u00e0 a quanto stabilito nella presente Nota Legale.<\/p>\n\n\n\n<p>A titolo enunciativo ma non limitativo, l'utente \u00e8 responsabile dei contenuti da lui introdotti, in particolare dei dati e delle informazioni introdotte e inviate alla Societ\u00e0 attraverso la Pagina o nella Pagina. La realizzazione di qualsiasi tipo di azione sulle pagine di terzi, o azioni illecite, nocive e\/o pregiudizievoli. L'inadempimento da parte dell'utente di qualsiasi obbligo precedente pu\u00f2 dare luogo all'adozione delle misure opportune previste dalla legge e all'esercizio dei propri diritti e obblighi da parte dello Studio Alessandro Bagalini, che possono includere l'eliminazione o il blocco del conto corrente dell'utente infrattore, senza possibilit\u00e0 di indennizzo per i danni e i pregiudizi causati.<\/p>\n\n\n\n<p><strong>POLITICA DI PRIVACY E PROTEZIONE DEI DATI<\/strong><\/p>\n\n\n\n<p>En cumplimiento de lo establecido en la Ley Org\u00e1nica 15\/1999, de 13 de diciembre, de Protecci\u00f3n de Datos de Car\u00e1cter Personal, tutti i dati personali facilitati durante l'uso della nostra pagina sono trattati in conformit\u00e0 con quanto disposto dalla Politica di Privacy che ogni utente deve accettare espressamente prima di facilitare i propri dati personali attraverso i diversi moduli disponibili nelle sezioni della nostra pagina. Studio Alessandro Bagalini adotta le misure tecniche e organizzative necessarie a garantire la sicurezza dei dati personali contenuti per evitarne l'alterazione, la perdita, il trattamento o l'accesso non autorizzato, tiene conto dello stato della tecnologia, della naturalezza dei dati e dei rischi a cui sono esposti, e gestisce il proprio ambiente di lavoro in modo adeguato, disponendo di un'infrastruttura firewall di livello elevato. \u00c8 possibile esercitare i propri diritti di accesso, rettifica, opposizione e cancellazione inviando una correzione elettronica a admin@alessandrobagalini.eu, indicando nell'allegato: PROTEZIONE DEI DATI. L'utente \u00e8 l'unico responsabile della veridicit\u00e0 dei dati forniti allo Studio Alessandro Bagalini.<\/p>","protected":false},"excerpt":{"rendered":"<p>AVISO LEGAL IDENTIFICATIVO DEL RESPONSABLE DEL SITIO WEB En virtud de la Ley Org\u00e1nica 15\/1999, de 13 de diciembre, de Protecci\u00f3n de Datos de Car\u00e1cter Personal, y de lo dispuesto en la Ley 34\/2002, de 11 de julio, de Servicios de la Sociedad de la Informaci\u00f3n y de Comercio Electr\u00f3nico, le informamos que los datos [&hellip;]<\/p>\n","protected":false},"author":1,"featured_media":0,"parent":0,"menu_order":0,"comment_status":"closed","ping_status":"open","template":"","meta":{"footnotes":""},"class_list":["post-3","page","type-page","status-publish","hentry"],"_links":{"self":[{"href":"https:\/\/echoops.cloud\/it\/wp-json\/wp\/v2\/pages\/3","targetHints":{"allow":["GET"]}}],"collection":[{"href":"https:\/\/echoops.cloud\/it\/wp-json\/wp\/v2\/pages"}],"about":[{"href":"https:\/\/echoops.cloud\/it\/wp-json\/wp\/v2\/types\/page"}],"author":[{"embeddable":true,"href":"https:\/\/echoops.cloud\/it\/wp-json\/wp\/v2\/users\/1"}],"replies":[{"embeddable":true,"href":"https:\/\/echoops.cloud\/it\/wp-json\/wp\/v2\/comments?post=3"}],"version-history":[{"count":2,"href":"https:\/\/echoops.cloud\/it\/wp-json\/wp\/v2\/pages\/3\/revisions"}],"predecessor-version":[{"id":60,"href":"https:\/\/echoops.cloud\/it\/wp-json\/wp\/v2\/pages\/3\/revisions\/60"}],"wp:attachment":[{"href":"https:\/\/echoops.cloud\/it\/wp-json\/wp\/v2\/media?parent=3"}],"curies":[{"name":"wp","href":"https:\/\/api.w.org\/{rel}","templated":true}]}}