{"id":55,"date":"2025-10-27T09:11:03","date_gmt":"2025-10-27T09:11:03","guid":{"rendered":"https:\/\/alessandrobagalini.eu\/?page_id=55"},"modified":"2025-10-27T09:21:40","modified_gmt":"2025-10-27T09:21:40","slug":"politica-dei-cookie","status":"publish","type":"page","link":"https:\/\/echoops.cloud\/it\/politica-dei-cookie\/","title":{"rendered":"Politica dei cookie"},"content":{"rendered":"<p>Se volete saperne di pi\u00f9 sull'uso dei cookie in questo sito web https:\/\/fotografiainterior.com siete nel posto giusto. Pi\u00f9 avanti, spiegheremo esattamente quali sono i cookie; quali tipi di cookie utilizziamo e con quali finalit\u00e0; e come si pu\u00f2 esercitare il diritto di configurare il proprio navigatore e non permettere l'uso di nessuno di essi.<\/p>\n\n\n\n<p>Tuttavia, \u00e8 bene sapere che se si decide di non utilizzare alcuni cookie, questo sito web potrebbe non funzionare perfettamente, compromettendo la sua esperienza di utilizzo.<\/p>\n\n\n\n<p><strong>\u00bfQU\u00c9 ES UNA GALLETA?<\/strong><\/p>\n\n\n\n<p>Un cookie \u00e8 un archivio che viene scaricato nell'ordenador quando si accede a determinati siti web o blog.<\/p>\n\n\n\n<p>I cookie consentono a questa pagina, tra le altre cose, di conservare e recuperare informazioni sulle sue abitudini di navigazione o sul suo computer e, a seconda delle informazioni contenute e del modo in cui utilizza il suo computer, possono essere utilizzati per riconoscerlo.<\/p>\n\n\n\n<p>Il navigatore conserva i cookie nel disco rigido solo durante la sessione attuale, occupando uno spazio minimo di conservazione e senza danneggiare l'apparecchio. I cookie non contengono alcuna informazione personale e la maggior parte dei cookie viene eliminata dal disco rigido al termine della sessione di navigazione (i cosiddetti cookie di sessione).<\/p>\n\n\n\n<p>La maggior parte dei navigatori accetta i cookie in forma permanente e, indipendentemente dal cookie, consente o impedisce i cookie temporali o i cookie memorizzati nelle configurazioni di sicurezza.<\/p>\n\n\n\n<p>I cookie si associano al navigatore, non alla persona, per cui normalmente non contengono informazioni sensibili su di lui, come ad esempio le carte di credito o i dati bancari, le fotografie o le informazioni personali, ecc. I dati memorizzati sono di tipo tecnico, statistico, preferenze personali, personalizzazione dei contenuti, ecc.<\/p>\n\n\n\n<p><strong>ACCETTAZIONE DEI COOKIE: LEGISLAZIONE VIGENTE<\/strong><\/p>\n\n\n\n<p>Accedendo a questo sito web, in accordo con la legislazione sulla protezione dei dati applicabile, informiamo dell'uso dei cookie, dando la possibilit\u00e0 di accettarli esplicitamente e di accedere a maggiori informazioni tramite la presente politica dei cookie. Si deve sapere che se si continua a navigare, si acconsente all'uso di questi cookie.<\/p>\n\n\n\n<p>Tuttavia, in qualsiasi momento, puoi cambiare opinione e bloccare il tuo utilizzo tramite il tuo navigatore. Per garantire la massima tranquillit\u00e0, questo sito web rispetta la normativa vigente in materia di utilizzo dei cookie e dei dati personali:<\/p>\n\n\n\n<p>Il regolamento della LSSI-CE <strong>(Ley de la Sociedad de la Informaci\u00f3n y del Comercio Electr\u00f3nico)&nbsp;<\/strong><\/p>\n\n\n\n<p>El <strong>RGPD (Reglamento (UE) 2016\/679 del Parlamento Europeo y del Consejo, de 27 de abril de 2016, relativo a la protecci\u00f3n de las personas)<\/strong>, che normalizza la regolamentazione del trattamento dei dati personali nei Paesi dell'UE.<\/p>\n\n\n\n<p>La presente Politica dei cookie pu\u00f2 essere modificata in qualsiasi momento per adattarla alle nuove norme o ai cambiamenti nelle nostre attivit\u00e0, rimanendo sempre valida e pubblicata sul sito web.<\/p>\n\n\n\n<p><strong>TIPI DI GALLETTE<\/strong><\/p>\n\n\n\n<p>Al fine di offrire una migliore esperienza all'utente, ottenere dati analitici, archiviare e recuperare informazioni sulle sue abitudini di navigazione o sul suo dispositivo e sviluppare la sua attivit\u00e0, questo sito web https:\/\/alessanndrobagalini.eu utilizza cookie propri e di terzi.<\/p>\n\n\n\n<p>Quali tipi di cookie utilizza questo sito web?<\/p>\n\n\n\n<p><strong>Cookie t\u00e9cnicas:<\/strong> sono quelli che permettono all'utente di navigare in una pagina web, piattaforma o applicazione e di utilizzare le diverse opzioni o servizi esistenti in essa, come ad esempio controllare il traffico e la comunicazione dei dati, identificare la sessione, accedere a parti riservate, registrare gli elementi che compongono una richiesta, realizzare il processo di acquisto di una richiesta, richiedere il registro o la partecipazione a un evento, utilizzare elementi di sicurezza durante la navigazione, archiviare contenuti per la diffusione di contenuti video o audio o condividere contenuti attraverso i social network.<\/p>\n\n\n\n<p><strong>Cookie di personalizzazione:<\/strong> sono quelli che permettono all'utente di accedere al servizio con determinate caratteristiche generali predefinite in base a una serie di criteri presenti nel terminale dell'utente come, ad esempio, l'idioma, il tipo di navigatore tramite il quale si accede al servizio, la configurazione regionale da cui si accede al servizio, ecc.<\/p>\n\n\n\n<p><strong>Cookie di analisi:<\/strong> Sono quelle che, elaborate da noi o da terzi, permettono di quantificare il numero di utenti e, di conseguenza, di effettuare la misurazione e l'analisi statistica del loro utilizzo da parte degli utenti del servizio offerto. A tal fine, analizziamo la navigazione sul nostro sito web per migliorare la gamma di prodotti o servizi offerti.<\/p>\n\n\n\n<p><strong>Cookie di pubblicit\u00e0:<\/strong> I cookie sono quelli che, elaborati da noi o da terzi, ci permettono di gestire l'offerta di spazi pubblicitari sul nostro sito web nel modo pi\u00f9 efficiente possibile, adattando il contenuto della pubblicit\u00e0 al contenuto del servizio richiesto o all'uso del nostro sito web. A tal fine, possiamo analizzare le sue abitudini di navigazione in Internet e mostrarle la pubblicit\u00e0 relativa al suo profilo di navigazione.<\/p>\n\n\n\n<p><strong>Cookie di comportamento pubblicitario:<\/strong> sono quelli che permettono di gestire, nella forma pi\u00f9 efficiente possibile, gli spazi pubblicitari che, nel caso specifico, l'editore ha collocato in un sito web, un'applicazione o una piattaforma da cui viene erogato il servizio richiesto. Questi cookie conservano informazioni sul comportamento degli utenti ottenute attraverso l'osservazione continua delle loro abitudini di navigazione, il che consente di sviluppare un profilo specifico per mostrare la pubblicit\u00e0 basata su di esso.<\/p>\n\n\n\n<p><strong>Cookie di terzi:<\/strong> Questo sito web https:\/\/fotografiainterior.com pu\u00f2 utilizzare servizi di terzi che, a nome di Google, raccolgono informazioni con finalit\u00e0 statistiche, per l'uso del sito web da parte dell'utente e per la fornitura di altri servizi correlati all'attivit\u00e0 del sito web e di altri servizi Internet.<\/p>\n\n\n\n<p>In particolare, questo sito web utilizza Google Analytics, un servizio di analisi del web fornito da Google, Inc. con sede negli Stati Uniti al 1600 Amphitheatre Parkway, Mountain View, California 94043. Per la fornitura di questi servizi, Google utilizza dei cookie che raccolgono informazioni, tra cui la direzione IP, che vengono trasmesse, elaborate e conservate da Google nella forma stabilita sul sito web Google.com. Ci\u00f2 include la possibile trasmissione di queste informazioni a terzi per motivi legali o se questi terzi elaborano le informazioni a nome di Google.<\/p>\n\n\n\n<p><strong>GESTIRE E REVOCARE L'USO DEI COOKIE<\/strong><\/p>\n\n\n\n<p>In qualsiasi momento, \u00e8 possibile regolare la configurazione del navigatore per amministrare, evitare l'uso dei cookie e ricevere una notifica prima dell'accesso.<\/p>\n\n\n\n<p>Inoltre, \u00e8 possibile regolare la configurazione in modo che il navigatore possa richiamare tutti i cookie o solo quelli di terzi. Inoltre, \u00e8 possibile eliminare i cookie gi\u00e0 presenti nel dispositivo.<\/p>\n\n\n\n<p>A tal fine, occorre tenere presente che \u00e8 necessario regolare la configurazione di ciascun navigatore e dell'apparecchiatura che lo utilizza separatamente, poich\u00e9, come gi\u00e0 detto, i cookie si associano al navigatore e non alla persona.<\/p>\n\n\n\n<p><strong>Google Chrome<\/strong> https:\/\/support.google.com\/chrome\/answer\/95647?hl=it-419<\/p>\n\n\n\n<p><strong>Internet Explorer<\/strong> https:\/\/support.microsoft.com\/es-es\/help\/17442\/windows-internet-explorer-delete-manage-cookies#ie=ie-10<\/p>\n\n\n\n<p><strong>Mozilla Firefox<\/strong> https:\/\/support.mozilla.org\/es\/kb\/habilitar-y-deshabilitar-cookies-sitios-web-rastrear-preferencias?redirectlocale=en&amp;redirectslug=enable-and-disable-cookies-that-we-sites<\/p>\n\n\n\n<p><strong>Apple Safari<\/strong> https:\/\/support.apple.com\/es-es\/HT201265<\/p>\n\n\n\n<p>Se avete qualche dubbio su questa politica dei cookie, potete mettervi in contatto con noi inviando una correzione elettronica all'indirizzo contacto@fotografiainterior.com.<\/p>","protected":false},"excerpt":{"rendered":"<p>Si quieres saber m\u00e1s sobre el uso de las cookies en este sitio web https:\/\/fotografiainterior.com est\u00e1s en el lugar correcto. M\u00e1s adelante, explicaremos exactamente qu\u00e9 son las cookies; qu\u00e9 tipo de cookies utilizamos y con qu\u00e9 prop\u00f3sito; y c\u00f3mo puede ejercer su derecho a configurar su navegador y no permitir el uso de ninguna de [&hellip;]<\/p>\n","protected":false},"author":1,"featured_media":0,"parent":0,"menu_order":0,"comment_status":"closed","ping_status":"closed","template":"","meta":{"footnotes":""},"class_list":["post-55","page","type-page","status-publish","hentry"],"_links":{"self":[{"href":"https:\/\/echoops.cloud\/it\/wp-json\/wp\/v2\/pages\/55","targetHints":{"allow":["GET"]}}],"collection":[{"href":"https:\/\/echoops.cloud\/it\/wp-json\/wp\/v2\/pages"}],"about":[{"href":"https:\/\/echoops.cloud\/it\/wp-json\/wp\/v2\/types\/page"}],"author":[{"embeddable":true,"href":"https:\/\/echoops.cloud\/it\/wp-json\/wp\/v2\/users\/1"}],"replies":[{"embeddable":true,"href":"https:\/\/echoops.cloud\/it\/wp-json\/wp\/v2\/comments?post=55"}],"version-history":[{"count":2,"href":"https:\/\/echoops.cloud\/it\/wp-json\/wp\/v2\/pages\/55\/revisions"}],"predecessor-version":[{"id":57,"href":"https:\/\/echoops.cloud\/it\/wp-json\/wp\/v2\/pages\/55\/revisions\/57"}],"wp:attachment":[{"href":"https:\/\/echoops.cloud\/it\/wp-json\/wp\/v2\/media?parent=55"}],"curies":[{"name":"wp","href":"https:\/\/api.w.org\/{rel}","templated":true}]}}